{"id":791,"date":"2012-06-12T09:11:14","date_gmt":"2012-06-12T09:11:14","guid":{"rendered":"http:\/\/miskolczilaw.hu\/e-kereskedelem-2\/"},"modified":"2015-06-16T19:41:00","modified_gmt":"2015-06-16T17:41:00","slug":"e-commerce","status":"publish","type":"page","link":"https:\/\/miskolczilaw.hu\/en\/e-commerce\/","title":{"rendered":"E-commerce"},"content":{"rendered":"<p>In line with the global trends there is growing demand for e-commerce in Hungary as well. Besides satisfying the conscious customers the companies have to bear in mind several legal obligations.<\/p>\n<h2>Complex field of law<\/h2>\n<p>The main rules of the electronic commerce activities are regulated by several acts, as E-commerce Act, Data Privacy Act, Trademark Act, Civil Code, etc.<\/p>\n<p>Our office has already prepared General Terms and Conditions, Data Privacy Conditions and Costumer Information documents to several web-stores.<\/p>\n<h2>Domain names<\/h2>\n<p>The Hungarian Code Civil, the Trademark Act, the Act on Unfair Competition and even the Domain Registration Rules and procedures prescribe to choose a domain name not infringing other parties prior rights (including trademarks or inherit rights).<\/p>\n<p>Our office provides professional availability searches prior the registration of domain names.<\/p>\n<div class=\"highlight\">\n<h2>Our Services<\/h2>\n<ul>\n<li>Preparing\n<ul>\n<li>General Terms and Conditions for web-stores<\/li>\n<li>Data Privacy Policy for web-stores<\/li>\n<li>Customer Information in line with the Customers Protection rules<\/li>\n<\/ul>\n<\/li>\n<li>Representation before the Hungarian National Authority for Data Protection and Freedom of Information<\/li>\n<li>Representation before the Hungarian Authority for Consumer Protection (HACP)<\/li>\n<li>Domain name availability searches<\/li>\n<\/ul>\n<p>&nbsp;<\/p>\n<\/div>\n<p>&nbsp;<\/p>\n","protected":false},"excerpt":{"rendered":"<p>In line with the global trends there is growing demand for e-commerce in Hungary as well. Besides satisfying the conscious customers the companies have to bear in mind several legal obligations. Complex field of law &hellip; <a href=\"https:\/\/miskolczilaw.hu\/en\/e-commerce\/\">Continued<\/a><\/p>\n","protected":false},"author":1,"featured_media":254,"parent":0,"menu_order":0,"comment_status":"open","ping_status":"open","template":"","meta":{"footnotes":""},"categories":[],"tags":[],"class_list":["post-791","page","type-page","status-publish","has-post-thumbnail","hentry"],"yoast_head":"<!-- This site is optimized with the Yoast SEO plugin v26.7 - https:\/\/yoast.com\/wordpress\/plugins\/seo\/ -->\n<title>E-commerce - Dr. M\u00e1ria Miskolczi \u2014 Attorney at Law<\/title>\n<meta name=\"description\" content=\"\u00c1SZF-, adatv\u00e9delmi t\u00e1j\u00e9koztat\u00f3k-, v\u00e1s\u00e1rl\u00f3i t\u00e1j\u00e9koztat\u00f3k elk\u00e9sz\u00edt\u00e9se \u00e9s ellen\u0151rz\u00e9se. Adatv\u00e9delmi t\u00e1j\u00e9koztat\u00f3 k\u00e9sz\u00edt\u00e9se. Domainel kapcsolatos jogi tan\u00e1csad\u00e1s.\" \/>\n<meta name=\"robots\" content=\"index, follow, max-snippet:-1, max-image-preview:large, max-video-preview:-1\" \/>\n<link rel=\"canonical\" href=\"https:\/\/miskolczilaw.hu\/en\/e-commerce\/\" \/>\n<meta property=\"og:locale\" content=\"en_US\" \/>\n<meta property=\"og:type\" content=\"article\" \/>\n<meta property=\"og:title\" content=\"E-commerce - Dr. M\u00e1ria Miskolczi \u2014 Attorney at Law\" \/>\n<meta property=\"og:description\" content=\"\u00c1SZF-, adatv\u00e9delmi t\u00e1j\u00e9koztat\u00f3k-, v\u00e1s\u00e1rl\u00f3i t\u00e1j\u00e9koztat\u00f3k elk\u00e9sz\u00edt\u00e9se \u00e9s ellen\u0151rz\u00e9se. Adatv\u00e9delmi t\u00e1j\u00e9koztat\u00f3 k\u00e9sz\u00edt\u00e9se. Domainel kapcsolatos jogi tan\u00e1csad\u00e1s.\" \/>\n<meta property=\"og:url\" content=\"https:\/\/miskolczilaw.hu\/en\/e-commerce\/\" \/>\n<meta property=\"og:site_name\" content=\"Dr. M\u00e1ria Miskolczi \u2014 Attorney at Law\" \/>\n<meta property=\"article:modified_time\" content=\"2015-06-16T17:41:00+00:00\" \/>\n<meta property=\"og:image\" content=\"https:\/\/miskolczilaw.hu\/wp-content\/uploads\/2012\/06\/egyeb_jog.png\" \/>\n\t<meta property=\"og:image:width\" content=\"380\" \/>\n\t<meta property=\"og:image:height\" content=\"168\" \/>\n\t<meta property=\"og:image:type\" content=\"image\/png\" \/>\n<meta name=\"twitter:label1\" content=\"Est. reading time\" \/>\n\t<meta name=\"twitter:data1\" content=\"1 minute\" \/>\n<script type=\"application\/ld+json\" class=\"yoast-schema-graph\">{\"@context\":\"https:\/\/schema.org\",\"@graph\":[{\"@type\":\"WebPage\",\"@id\":\"https:\/\/miskolczilaw.hu\/en\/e-commerce\/\",\"url\":\"https:\/\/miskolczilaw.hu\/en\/e-commerce\/\",\"name\":\"E-commerce - Dr. M\u00e1ria Miskolczi \u2014 Attorney at Law\",\"isPartOf\":{\"@id\":\"https:\/\/miskolczilaw.hu\/#website\"},\"primaryImageOfPage\":{\"@id\":\"https:\/\/miskolczilaw.hu\/en\/e-commerce\/#primaryimage\"},\"image\":{\"@id\":\"https:\/\/miskolczilaw.hu\/en\/e-commerce\/#primaryimage\"},\"thumbnailUrl\":\"\/wp-content\/uploads\/2012\/06\/egyeb_jog.png\",\"datePublished\":\"2012-06-12T09:11:14+00:00\",\"dateModified\":\"2015-06-16T17:41:00+00:00\",\"description\":\"\u00c1SZF-, adatv\u00e9delmi t\u00e1j\u00e9koztat\u00f3k-, v\u00e1s\u00e1rl\u00f3i t\u00e1j\u00e9koztat\u00f3k elk\u00e9sz\u00edt\u00e9se \u00e9s ellen\u0151rz\u00e9se. Adatv\u00e9delmi t\u00e1j\u00e9koztat\u00f3 k\u00e9sz\u00edt\u00e9se. Domainel kapcsolatos jogi tan\u00e1csad\u00e1s.\",\"breadcrumb\":{\"@id\":\"https:\/\/miskolczilaw.hu\/en\/e-commerce\/#breadcrumb\"},\"inLanguage\":\"en-US\",\"potentialAction\":[{\"@type\":\"ReadAction\",\"target\":[\"https:\/\/miskolczilaw.hu\/en\/e-commerce\/\"]}]},{\"@type\":\"ImageObject\",\"inLanguage\":\"en-US\",\"@id\":\"https:\/\/miskolczilaw.hu\/en\/e-commerce\/#primaryimage\",\"url\":\"\/wp-content\/uploads\/2012\/06\/egyeb_jog.png\",\"contentUrl\":\"\/wp-content\/uploads\/2012\/06\/egyeb_jog.png\",\"width\":380,\"height\":168},{\"@type\":\"BreadcrumbList\",\"@id\":\"https:\/\/miskolczilaw.hu\/en\/e-commerce\/#breadcrumb\",\"itemListElement\":[{\"@type\":\"ListItem\",\"position\":1,\"name\":\"Home\",\"item\":\"https:\/\/miskolczilaw.hu\/en\/\"},{\"@type\":\"ListItem\",\"position\":2,\"name\":\"E-commerce\"}]},{\"@type\":\"WebSite\",\"@id\":\"https:\/\/miskolczilaw.hu\/#website\",\"url\":\"https:\/\/miskolczilaw.hu\/\",\"name\":\"Dr. M\u00e1ria Miskolczi \u2014 Attorney at Law\",\"description\":\"Trademark, patent, design, copyright\",\"potentialAction\":[{\"@type\":\"SearchAction\",\"target\":{\"@type\":\"EntryPoint\",\"urlTemplate\":\"https:\/\/miskolczilaw.hu\/search\/{search_term_string}\"},\"query-input\":{\"@type\":\"PropertyValueSpecification\",\"valueRequired\":true,\"valueName\":\"search_term_string\"}}],\"inLanguage\":\"en-US\"}]}<\/script>\n<!-- \/ Yoast SEO plugin. -->","yoast_head_json":{"title":"E-commerce - Dr. M\u00e1ria Miskolczi \u2014 Attorney at Law","description":"\u00c1SZF-, adatv\u00e9delmi t\u00e1j\u00e9koztat\u00f3k-, v\u00e1s\u00e1rl\u00f3i t\u00e1j\u00e9koztat\u00f3k elk\u00e9sz\u00edt\u00e9se \u00e9s ellen\u0151rz\u00e9se. Adatv\u00e9delmi t\u00e1j\u00e9koztat\u00f3 k\u00e9sz\u00edt\u00e9se. Domainel kapcsolatos jogi tan\u00e1csad\u00e1s.","robots":{"index":"index","follow":"follow","max-snippet":"max-snippet:-1","max-image-preview":"max-image-preview:large","max-video-preview":"max-video-preview:-1"},"canonical":"https:\/\/miskolczilaw.hu\/en\/e-commerce\/","og_locale":"en_US","og_type":"article","og_title":"E-commerce - Dr. M\u00e1ria Miskolczi \u2014 Attorney at Law","og_description":"\u00c1SZF-, adatv\u00e9delmi t\u00e1j\u00e9koztat\u00f3k-, v\u00e1s\u00e1rl\u00f3i t\u00e1j\u00e9koztat\u00f3k elk\u00e9sz\u00edt\u00e9se \u00e9s ellen\u0151rz\u00e9se. Adatv\u00e9delmi t\u00e1j\u00e9koztat\u00f3 k\u00e9sz\u00edt\u00e9se. Domainel kapcsolatos jogi tan\u00e1csad\u00e1s.","og_url":"https:\/\/miskolczilaw.hu\/en\/e-commerce\/","og_site_name":"Dr. M\u00e1ria Miskolczi \u2014 Attorney at Law","article_modified_time":"2015-06-16T17:41:00+00:00","og_image":[{"width":380,"height":168,"url":"https:\/\/miskolczilaw.hu\/wp-content\/uploads\/2012\/06\/egyeb_jog.png","type":"image\/png"}],"twitter_misc":{"Est. reading time":"1 minute"},"schema":{"@context":"https:\/\/schema.org","@graph":[{"@type":"WebPage","@id":"https:\/\/miskolczilaw.hu\/en\/e-commerce\/","url":"https:\/\/miskolczilaw.hu\/en\/e-commerce\/","name":"E-commerce - Dr. M\u00e1ria Miskolczi \u2014 Attorney at Law","isPartOf":{"@id":"https:\/\/miskolczilaw.hu\/#website"},"primaryImageOfPage":{"@id":"https:\/\/miskolczilaw.hu\/en\/e-commerce\/#primaryimage"},"image":{"@id":"https:\/\/miskolczilaw.hu\/en\/e-commerce\/#primaryimage"},"thumbnailUrl":"\/wp-content\/uploads\/2012\/06\/egyeb_jog.png","datePublished":"2012-06-12T09:11:14+00:00","dateModified":"2015-06-16T17:41:00+00:00","description":"\u00c1SZF-, adatv\u00e9delmi t\u00e1j\u00e9koztat\u00f3k-, v\u00e1s\u00e1rl\u00f3i t\u00e1j\u00e9koztat\u00f3k elk\u00e9sz\u00edt\u00e9se \u00e9s ellen\u0151rz\u00e9se. Adatv\u00e9delmi t\u00e1j\u00e9koztat\u00f3 k\u00e9sz\u00edt\u00e9se. Domainel kapcsolatos jogi tan\u00e1csad\u00e1s.","breadcrumb":{"@id":"https:\/\/miskolczilaw.hu\/en\/e-commerce\/#breadcrumb"},"inLanguage":"en-US","potentialAction":[{"@type":"ReadAction","target":["https:\/\/miskolczilaw.hu\/en\/e-commerce\/"]}]},{"@type":"ImageObject","inLanguage":"en-US","@id":"https:\/\/miskolczilaw.hu\/en\/e-commerce\/#primaryimage","url":"\/wp-content\/uploads\/2012\/06\/egyeb_jog.png","contentUrl":"\/wp-content\/uploads\/2012\/06\/egyeb_jog.png","width":380,"height":168},{"@type":"BreadcrumbList","@id":"https:\/\/miskolczilaw.hu\/en\/e-commerce\/#breadcrumb","itemListElement":[{"@type":"ListItem","position":1,"name":"Home","item":"https:\/\/miskolczilaw.hu\/en\/"},{"@type":"ListItem","position":2,"name":"E-commerce"}]},{"@type":"WebSite","@id":"https:\/\/miskolczilaw.hu\/#website","url":"https:\/\/miskolczilaw.hu\/","name":"Dr. M\u00e1ria Miskolczi \u2014 Attorney at Law","description":"Trademark, patent, design, copyright","potentialAction":[{"@type":"SearchAction","target":{"@type":"EntryPoint","urlTemplate":"https:\/\/miskolczilaw.hu\/search\/{search_term_string}"},"query-input":{"@type":"PropertyValueSpecification","valueRequired":true,"valueName":"search_term_string"}}],"inLanguage":"en-US"}]}},"_links":{"self":[{"href":"https:\/\/miskolczilaw.hu\/en\/wp-json\/wp\/v2\/pages\/791","targetHints":{"allow":["GET"]}}],"collection":[{"href":"https:\/\/miskolczilaw.hu\/en\/wp-json\/wp\/v2\/pages"}],"about":[{"href":"https:\/\/miskolczilaw.hu\/en\/wp-json\/wp\/v2\/types\/page"}],"author":[{"embeddable":true,"href":"https:\/\/miskolczilaw.hu\/en\/wp-json\/wp\/v2\/users\/1"}],"replies":[{"embeddable":true,"href":"https:\/\/miskolczilaw.hu\/en\/wp-json\/wp\/v2\/comments?post=791"}],"version-history":[{"count":0,"href":"https:\/\/miskolczilaw.hu\/en\/wp-json\/wp\/v2\/pages\/791\/revisions"}],"wp:featuredmedia":[{"embeddable":true,"href":"https:\/\/miskolczilaw.hu\/en\/wp-json\/wp\/v2\/media\/254"}],"wp:attachment":[{"href":"https:\/\/miskolczilaw.hu\/en\/wp-json\/wp\/v2\/media?parent=791"}],"wp:term":[{"taxonomy":"category","embeddable":true,"href":"https:\/\/miskolczilaw.hu\/en\/wp-json\/wp\/v2\/categories?post=791"},{"taxonomy":"post_tag","embeddable":true,"href":"https:\/\/miskolczilaw.hu\/en\/wp-json\/wp\/v2\/tags?post=791"}],"curies":[{"name":"wp","href":"https:\/\/api.w.org\/{rel}","templated":true}]}}