{"id":841,"date":"2012-06-12T09:09:06","date_gmt":"2012-06-12T09:09:06","guid":{"rendered":"http:\/\/miskolczilaw.hu\/szabadalom\/"},"modified":"2015-06-16T19:40:19","modified_gmt":"2015-06-16T17:40:19","slug":"protection-of-inventions","status":"publish","type":"page","link":"https:\/\/miskolczilaw.hu\/en\/practice-areas\/protection-of-inventions\/","title":{"rendered":"Protection of inventions"},"content":{"rendered":"<h2>Our Services<\/h2>\n<div class=\"highlight\">\n<ul>\n<li>Preparing patent applications, representation before the Hungarian Intellectual Property Office (SZTNH), the European Patent Office (EPO) and the World Intellectual Property Organization (WIPO)<\/li>\n<li>Maintaining patent applications and patents<\/li>\n<li>Preparing contracts relating to patents (patent license contract, assignment contract, preparing internal intellectual property regulation for research institutions)<\/li>\n<li>Enforcement of rights in case of patent infringement<\/li>\n<li>Representation in nullity \/revocation procedures and in procedures for a decision on lack of infringement<\/li>\n<li>Validation of European patents in Hungary<\/li>\n<\/ul>\n<\/div>\n","protected":false},"excerpt":{"rendered":"<p>Our Services<\/p>\n","protected":false},"author":1,"featured_media":282,"parent":869,"menu_order":0,"comment_status":"open","ping_status":"closed","template":"","meta":{"footnotes":""},"categories":[],"tags":[],"class_list":["post-841","page","type-page","status-publish","has-post-thumbnail","hentry"],"yoast_head":"<!-- This site is optimized with the Yoast SEO plugin v26.7 - https:\/\/yoast.com\/wordpress\/plugins\/seo\/ -->\n<title>Protection of inventions - Dr. M\u00e1ria Miskolczi \u2014 Attorney at Law<\/title>\n<meta name=\"description\" content=\"Szabadalmi bejelent\u00e9sek kidolgoz\u00e1sa, k\u00e9pviselet ell\u00e1t\u00e1sa, szabadalmak fenntart\u00e1sa, licencia szerz\u0151d\u00e9sek, \u00e1truh\u00e1z\u00e1si szerz\u0151d\u00e9sek. Eur\u00f3pai szabadalom\" \/>\n<meta name=\"robots\" content=\"index, follow, max-snippet:-1, max-image-preview:large, max-video-preview:-1\" \/>\n<link rel=\"canonical\" href=\"https:\/\/miskolczilaw.hu\/szakteruletek\/szabadalom\/\" \/>\n<meta property=\"og:locale\" content=\"en_US\" \/>\n<meta property=\"og:type\" content=\"article\" \/>\n<meta property=\"og:title\" content=\"Protection of inventions - Dr. M\u00e1ria Miskolczi \u2014 Attorney at Law\" \/>\n<meta property=\"og:description\" content=\"Szabadalmi bejelent\u00e9sek kidolgoz\u00e1sa, k\u00e9pviselet ell\u00e1t\u00e1sa, szabadalmak fenntart\u00e1sa, licencia szerz\u0151d\u00e9sek, \u00e1truh\u00e1z\u00e1si szerz\u0151d\u00e9sek. Eur\u00f3pai szabadalom\" \/>\n<meta property=\"og:url\" content=\"https:\/\/miskolczilaw.hu\/szakteruletek\/szabadalom\/\" \/>\n<meta property=\"og:site_name\" content=\"Dr. M\u00e1ria Miskolczi \u2014 Attorney at Law\" \/>\n<meta property=\"article:modified_time\" content=\"2015-06-16T17:40:19+00:00\" \/>\n<meta property=\"og:image\" content=\"https:\/\/miskolczilaw.hu\/wp-content\/uploads\/2012\/06\/szabadalom.png\" \/>\n\t<meta property=\"og:image:width\" content=\"380\" \/>\n\t<meta property=\"og:image:height\" content=\"168\" \/>\n\t<meta property=\"og:image:type\" content=\"image\/png\" \/>\n<script type=\"application\/ld+json\" class=\"yoast-schema-graph\">{\"@context\":\"https:\/\/schema.org\",\"@graph\":[{\"@type\":\"WebPage\",\"@id\":\"https:\/\/miskolczilaw.hu\/szakteruletek\/szabadalom\/\",\"url\":\"https:\/\/miskolczilaw.hu\/szakteruletek\/szabadalom\/\",\"name\":\"Protection of inventions - Dr. M\u00e1ria Miskolczi \u2014 Attorney at Law\",\"isPartOf\":{\"@id\":\"https:\/\/miskolczilaw.hu\/#website\"},\"primaryImageOfPage\":{\"@id\":\"https:\/\/miskolczilaw.hu\/szakteruletek\/szabadalom\/#primaryimage\"},\"image\":{\"@id\":\"https:\/\/miskolczilaw.hu\/szakteruletek\/szabadalom\/#primaryimage\"},\"thumbnailUrl\":\"\/wp-content\/uploads\/2012\/06\/szabadalom.png\",\"datePublished\":\"2012-06-12T09:09:06+00:00\",\"dateModified\":\"2015-06-16T17:40:19+00:00\",\"description\":\"Szabadalmi bejelent\u00e9sek kidolgoz\u00e1sa, k\u00e9pviselet ell\u00e1t\u00e1sa, szabadalmak fenntart\u00e1sa, licencia szerz\u0151d\u00e9sek, \u00e1truh\u00e1z\u00e1si szerz\u0151d\u00e9sek. Eur\u00f3pai szabadalom\",\"breadcrumb\":{\"@id\":\"https:\/\/miskolczilaw.hu\/szakteruletek\/szabadalom\/#breadcrumb\"},\"inLanguage\":\"en-US\",\"potentialAction\":[{\"@type\":\"ReadAction\",\"target\":[\"https:\/\/miskolczilaw.hu\/szakteruletek\/szabadalom\/\"]}]},{\"@type\":\"ImageObject\",\"inLanguage\":\"en-US\",\"@id\":\"https:\/\/miskolczilaw.hu\/szakteruletek\/szabadalom\/#primaryimage\",\"url\":\"\/wp-content\/uploads\/2012\/06\/szabadalom.png\",\"contentUrl\":\"\/wp-content\/uploads\/2012\/06\/szabadalom.png\",\"width\":380,\"height\":168},{\"@type\":\"BreadcrumbList\",\"@id\":\"https:\/\/miskolczilaw.hu\/szakteruletek\/szabadalom\/#breadcrumb\",\"itemListElement\":[{\"@type\":\"ListItem\",\"position\":1,\"name\":\"Home\",\"item\":\"https:\/\/miskolczilaw.hu\/en\/\"},{\"@type\":\"ListItem\",\"position\":2,\"name\":\"Practice areas\",\"item\":\"https:\/\/miskolczilaw.hu\/en\/practice-areas\/\"},{\"@type\":\"ListItem\",\"position\":3,\"name\":\"Protection of inventions\"}]},{\"@type\":\"WebSite\",\"@id\":\"https:\/\/miskolczilaw.hu\/#website\",\"url\":\"https:\/\/miskolczilaw.hu\/\",\"name\":\"Dr. M\u00e1ria Miskolczi \u2014 Attorney at Law\",\"description\":\"Trademark, patent, design, copyright\",\"potentialAction\":[{\"@type\":\"SearchAction\",\"target\":{\"@type\":\"EntryPoint\",\"urlTemplate\":\"https:\/\/miskolczilaw.hu\/search\/{search_term_string}\"},\"query-input\":{\"@type\":\"PropertyValueSpecification\",\"valueRequired\":true,\"valueName\":\"search_term_string\"}}],\"inLanguage\":\"en-US\"}]}<\/script>\n<!-- \/ Yoast SEO plugin. -->","yoast_head_json":{"title":"Protection of inventions - Dr. M\u00e1ria Miskolczi \u2014 Attorney at Law","description":"Szabadalmi bejelent\u00e9sek kidolgoz\u00e1sa, k\u00e9pviselet ell\u00e1t\u00e1sa, szabadalmak fenntart\u00e1sa, licencia szerz\u0151d\u00e9sek, \u00e1truh\u00e1z\u00e1si szerz\u0151d\u00e9sek. Eur\u00f3pai szabadalom","robots":{"index":"index","follow":"follow","max-snippet":"max-snippet:-1","max-image-preview":"max-image-preview:large","max-video-preview":"max-video-preview:-1"},"canonical":"https:\/\/miskolczilaw.hu\/szakteruletek\/szabadalom\/","og_locale":"en_US","og_type":"article","og_title":"Protection of inventions - Dr. M\u00e1ria Miskolczi \u2014 Attorney at Law","og_description":"Szabadalmi bejelent\u00e9sek kidolgoz\u00e1sa, k\u00e9pviselet ell\u00e1t\u00e1sa, szabadalmak fenntart\u00e1sa, licencia szerz\u0151d\u00e9sek, \u00e1truh\u00e1z\u00e1si szerz\u0151d\u00e9sek. Eur\u00f3pai szabadalom","og_url":"https:\/\/miskolczilaw.hu\/szakteruletek\/szabadalom\/","og_site_name":"Dr. M\u00e1ria Miskolczi \u2014 Attorney at Law","article_modified_time":"2015-06-16T17:40:19+00:00","og_image":[{"width":380,"height":168,"url":"https:\/\/miskolczilaw.hu\/wp-content\/uploads\/2012\/06\/szabadalom.png","type":"image\/png"}],"schema":{"@context":"https:\/\/schema.org","@graph":[{"@type":"WebPage","@id":"https:\/\/miskolczilaw.hu\/szakteruletek\/szabadalom\/","url":"https:\/\/miskolczilaw.hu\/szakteruletek\/szabadalom\/","name":"Protection of inventions - Dr. M\u00e1ria Miskolczi \u2014 Attorney at Law","isPartOf":{"@id":"https:\/\/miskolczilaw.hu\/#website"},"primaryImageOfPage":{"@id":"https:\/\/miskolczilaw.hu\/szakteruletek\/szabadalom\/#primaryimage"},"image":{"@id":"https:\/\/miskolczilaw.hu\/szakteruletek\/szabadalom\/#primaryimage"},"thumbnailUrl":"\/wp-content\/uploads\/2012\/06\/szabadalom.png","datePublished":"2012-06-12T09:09:06+00:00","dateModified":"2015-06-16T17:40:19+00:00","description":"Szabadalmi bejelent\u00e9sek kidolgoz\u00e1sa, k\u00e9pviselet ell\u00e1t\u00e1sa, szabadalmak fenntart\u00e1sa, licencia szerz\u0151d\u00e9sek, \u00e1truh\u00e1z\u00e1si szerz\u0151d\u00e9sek. Eur\u00f3pai szabadalom","breadcrumb":{"@id":"https:\/\/miskolczilaw.hu\/szakteruletek\/szabadalom\/#breadcrumb"},"inLanguage":"en-US","potentialAction":[{"@type":"ReadAction","target":["https:\/\/miskolczilaw.hu\/szakteruletek\/szabadalom\/"]}]},{"@type":"ImageObject","inLanguage":"en-US","@id":"https:\/\/miskolczilaw.hu\/szakteruletek\/szabadalom\/#primaryimage","url":"\/wp-content\/uploads\/2012\/06\/szabadalom.png","contentUrl":"\/wp-content\/uploads\/2012\/06\/szabadalom.png","width":380,"height":168},{"@type":"BreadcrumbList","@id":"https:\/\/miskolczilaw.hu\/szakteruletek\/szabadalom\/#breadcrumb","itemListElement":[{"@type":"ListItem","position":1,"name":"Home","item":"https:\/\/miskolczilaw.hu\/en\/"},{"@type":"ListItem","position":2,"name":"Practice areas","item":"https:\/\/miskolczilaw.hu\/en\/practice-areas\/"},{"@type":"ListItem","position":3,"name":"Protection of inventions"}]},{"@type":"WebSite","@id":"https:\/\/miskolczilaw.hu\/#website","url":"https:\/\/miskolczilaw.hu\/","name":"Dr. M\u00e1ria Miskolczi \u2014 Attorney at Law","description":"Trademark, patent, design, copyright","potentialAction":[{"@type":"SearchAction","target":{"@type":"EntryPoint","urlTemplate":"https:\/\/miskolczilaw.hu\/search\/{search_term_string}"},"query-input":{"@type":"PropertyValueSpecification","valueRequired":true,"valueName":"search_term_string"}}],"inLanguage":"en-US"}]}},"_links":{"self":[{"href":"https:\/\/miskolczilaw.hu\/en\/wp-json\/wp\/v2\/pages\/841","targetHints":{"allow":["GET"]}}],"collection":[{"href":"https:\/\/miskolczilaw.hu\/en\/wp-json\/wp\/v2\/pages"}],"about":[{"href":"https:\/\/miskolczilaw.hu\/en\/wp-json\/wp\/v2\/types\/page"}],"author":[{"embeddable":true,"href":"https:\/\/miskolczilaw.hu\/en\/wp-json\/wp\/v2\/users\/1"}],"replies":[{"embeddable":true,"href":"https:\/\/miskolczilaw.hu\/en\/wp-json\/wp\/v2\/comments?post=841"}],"version-history":[{"count":0,"href":"https:\/\/miskolczilaw.hu\/en\/wp-json\/wp\/v2\/pages\/841\/revisions"}],"up":[{"embeddable":true,"href":"https:\/\/miskolczilaw.hu\/en\/wp-json\/wp\/v2\/pages\/869"}],"wp:featuredmedia":[{"embeddable":true,"href":"https:\/\/miskolczilaw.hu\/en\/wp-json\/wp\/v2\/media\/282"}],"wp:attachment":[{"href":"https:\/\/miskolczilaw.hu\/en\/wp-json\/wp\/v2\/media?parent=841"}],"wp:term":[{"taxonomy":"category","embeddable":true,"href":"https:\/\/miskolczilaw.hu\/en\/wp-json\/wp\/v2\/categories?post=841"},{"taxonomy":"post_tag","embeddable":true,"href":"https:\/\/miskolczilaw.hu\/en\/wp-json\/wp\/v2\/tags?post=841"}],"curies":[{"name":"wp","href":"https:\/\/api.w.org\/{rel}","templated":true}]}}